{"id":2,"date":"2019-04-15T15:06:57","date_gmt":"2019-04-15T15:06:57","guid":{"rendered":"http:\/\/wp-4-9-8.autoinstalator.eu\/?page_id=2"},"modified":"2023-06-12T17:53:16","modified_gmt":"2023-06-12T15:53:16","slug":"przykladowa-strona","status":"publish","type":"page","link":"http:\/\/sebalx.pl\/","title":{"rendered":"Przyk\u0142adowa strona"},"content":{"rendered":"\t\t<div data-elementor-type=\"wp-post\" data-elementor-id=\"2\" class=\"elementor elementor-2\">\n\t\t\t\t\t\t<section class=\"elementor-section elementor-top-section elementor-element elementor-element-6d1dae61 elementor-section-boxed elementor-section-height-default elementor-section-height-default\" data-id=\"6d1dae61\" data-element_type=\"section\">\n\t\t\t\t\t\t<div class=\"elementor-container elementor-column-gap-default\">\n\t\t\t\t\t<div class=\"elementor-column elementor-col-100 elementor-top-column elementor-element elementor-element-48e7a5c3\" data-id=\"48e7a5c3\" data-element_type=\"column\">\n\t\t\t<div class=\"elementor-widget-wrap elementor-element-populated\">\n\t\t\t\t\t\t\t<\/div>\n\t\t<\/div>\n\t\t\t\t\t<\/div>\n\t\t<\/section>\n\t\t\t\t<section class=\"elementor-section elementor-top-section elementor-element elementor-element-93acd6b elementor-section-boxed elementor-section-height-default elementor-section-height-default\" data-id=\"93acd6b\" data-element_type=\"section\">\n\t\t\t\t\t\t<div class=\"elementor-container elementor-column-gap-default\">\n\t\t\t\t\t<div class=\"elementor-column elementor-col-100 elementor-top-column elementor-element elementor-element-3a61ea4\" data-id=\"3a61ea4\" data-element_type=\"column\">\n\t\t\t<div class=\"elementor-widget-wrap elementor-element-populated\">\n\t\t\t\t\t\t<div class=\"elementor-element elementor-element-10a9666 elementor-widget elementor-widget-image\" data-id=\"10a9666\" data-element_type=\"widget\" data-widget_type=\"image.default\">\n\t\t\t\t<div class=\"elementor-widget-container\">\n\t\t\t\t\t\t\t\t\t\t\t\t\t\t\t<img fetchpriority=\"high\" decoding=\"async\" width=\"604\" height=\"88\" src=\"http:\/\/sebalx.pl\/wp-content\/uploads\/2023\/02\/obraz.png\" class=\"attachment-large size-large wp-image-79\" alt=\"unia\" srcset=\"http:\/\/sebalx.pl\/wp-content\/uploads\/2023\/02\/obraz.png 604w, http:\/\/sebalx.pl\/wp-content\/uploads\/2023\/02\/obraz-300x44.png 300w, http:\/\/sebalx.pl\/wp-content\/uploads\/2023\/02\/obraz-230x34.png 230w, http:\/\/sebalx.pl\/wp-content\/uploads\/2023\/02\/obraz-350x51.png 350w, http:\/\/sebalx.pl\/wp-content\/uploads\/2023\/02\/obraz-480x70.png 480w\" sizes=\"(max-width: 604px) 100vw, 604px\" \/>\t\t\t\t\t\t\t\t\t\t\t\t\t\t\t<\/div>\n\t\t\t\t<\/div>\n\t\t\t\t\t<\/div>\n\t\t<\/div>\n\t\t\t\t\t<\/div>\n\t\t<\/section>\n\t\t\t\t<section class=\"elementor-section elementor-top-section elementor-element elementor-element-33d9325 elementor-section-full_width elementor-section-stretched elementor-section-height-default elementor-section-height-default\" data-id=\"33d9325\" data-element_type=\"section\" data-settings=\"{&quot;stretch_section&quot;:&quot;section-stretched&quot;}\">\n\t\t\t\t\t\t<div class=\"elementor-container elementor-column-gap-default\">\n\t\t\t\t\t<div class=\"elementor-column elementor-col-100 elementor-top-column elementor-element elementor-element-7505e8c\" data-id=\"7505e8c\" data-element_type=\"column\">\n\t\t\t<div class=\"elementor-widget-wrap elementor-element-populated\">\n\t\t\t\t\t\t<div class=\"elementor-element elementor-element-5080510 elementor-widget elementor-widget-text-editor\" data-id=\"5080510\" data-element_type=\"widget\" data-widget_type=\"text-editor.default\">\n\t\t\t\t<div class=\"elementor-widget-container\">\n\t\t\t\t\t\t\t\t\t<p>E<b>UROPEJSKI FUNDUSZ ROLNY NA RZECZ ROZWOJU OBSZAR\u00d3W WIEJSKICH:<br \/>EUROPA INWESTUJ\u0104CA W OBSZARY WIEJSKIE<\/b><\/p><p>Operacja pn. \u201eRozw\u00f3j dzia\u0142alno\u015bci gospodarczej firmy SEBALX poprzez zakup specjalistycznego sprz\u0119tu budowlanego\u201d maj\u0105ca na celu Rozszerzenie oferty us\u0142ug budowlanych poprzez zakup sprz\u0119tu i utworzenie miejsc pracy w terminie do dnia z\u0142o\u017cenia wniosku o p\u0142atno\u015b\u0107 ko\u0144cow\u0105 wsp\u00f3\u0142finansowana jest ze \u015brodk\u00f3w Unii Europejskiej w ramach dzia\u0142ania &#8222;Wsparcie dla rozwoju lokalnego w ramach inicjatywy LEADER\u201d Programu Rozwoju Obszar\u00f3w Wiejskich na lata 2014 \u2013 2020. Efektem operacji jest wzrost zysku przedsi\u0119biorstwa.<br \/>Przedmiotem operacji jest zakup sprz\u0119tu &#8211; w ramach operacji zostanie zakupiona koparka wyposa\u017cona w ekologiczny silnik, ekonomiczny sprz\u0119t o niskim spalaniu paliwa oraz innowacyjna dzi\u0119ki ultrakr\u00f3tkiemu promieniowi obrotu koparki gwarantuj\u0105cemu \u0142atwiejsz\u0105 prac\u0119 w ciasnych przestrzeniach. Koszt zakupu to 146 000 z\u0142. Wybieraj\u0105c sprz\u0119t kierowano si\u0119 zasad\u0105 najlepszego wyboru pod katem jako\u015bci i ceny. Dzi\u0119ki inwestycji w minikopark\u0119 o wskazanych parametrach b\u0119dzie mo\u017cna rozszerzy\u0107 ofert\u0119 o dodatkowe us\u0142ugi budowlane oraz wykonywa\u0107 us\u0142ugi na rynku budowlanym w spos\u00f3b szybszy i efektywniejszy ni\u017c do tej pory co jest to\u017csame z osi\u0105gnieciem celu operacji. Tym samym zwi\u0119kszone b\u0119d\u0105 przychody w moim przedsi\u0119biorstwie <br \/>Warto\u015b\u0107 operacji: <br \/>\u2981 Koszt ca\u0142kowity \u2013 179 580,00 z\u0142<br \/>\u2981 Koszty kwalifikowane \u2013 146 000,00 z\u0142<br \/>Warto\u015b\u0107 uzyskanego dofinansowania &#8211; 100 000,00 z\u0142.<\/p>\t\t\t\t\t\t\t\t<\/div>\n\t\t\t\t<\/div>\n\t\t\t\t\t<\/div>\n\t\t<\/div>\n\t\t\t\t\t<\/div>\n\t\t<\/section>\n\t\t\t\t<section class=\"elementor-section elementor-top-section elementor-element elementor-element-5c921edd elementor-section-height-min-height elementor-section-stretched elementor-section-full_width elementor-section-height-default elementor-section-items-middle\" data-id=\"5c921edd\" data-element_type=\"section\" data-settings=\"{&quot;background_background&quot;:&quot;classic&quot;,&quot;shape_divider_bottom&quot;:&quot;triangle&quot;,&quot;shape_divider_bottom_negative&quot;:&quot;yes&quot;,&quot;stretch_section&quot;:&quot;section-stretched&quot;,&quot;shape_divider_top&quot;:&quot;arrow&quot;}\">\n\t\t\t\t\t\t\t<div class=\"elementor-background-overlay\"><\/div>\n\t\t\t\t\t\t<div class=\"elementor-shape elementor-shape-top\" data-negative=\"false\">\n\t\t\t<svg xmlns=\"http:\/\/www.w3.org\/2000\/svg\" viewBox=\"0 0 700 10\" preserveAspectRatio=\"none\">\n\t<path class=\"elementor-shape-fill\" d=\"M350,10L340,0h20L350,10z\"\/>\n<\/svg>\t\t<\/div>\n\t\t\t\t<div class=\"elementor-shape elementor-shape-bottom\" data-negative=\"true\">\n\t\t\t<svg xmlns=\"http:\/\/www.w3.org\/2000\/svg\" viewBox=\"0 0 1000 100\" preserveAspectRatio=\"none\">\n\t<path class=\"elementor-shape-fill\" d=\"M500.2,94.7L0,0v100h1000V0L500.2,94.7z\"\/>\n<\/svg>\t\t<\/div>\n\t\t\t\t\t<div class=\"elementor-container elementor-column-gap-default\">\n\t\t\t\t\t<div class=\"elementor-column elementor-col-100 elementor-top-column elementor-element elementor-element-4c1e136\" data-id=\"4c1e136\" data-element_type=\"column\">\n\t\t\t<div class=\"elementor-widget-wrap elementor-element-populated\">\n\t\t\t\t\t\t<div class=\"elementor-element elementor-element-c5ff5b8 elementor-widget__width-inherit elementor-invisible elementor-widget elementor-widget-heading\" data-id=\"c5ff5b8\" data-element_type=\"widget\" data-settings=\"{&quot;_animation&quot;:&quot;zoomIn&quot;}\" data-widget_type=\"heading.default\">\n\t\t\t\t<div class=\"elementor-widget-container\">\n\t\t\t\t\t<h2 class=\"elementor-heading-title elementor-size-default\">Szeroka oferta us\u0142ug budowlanych<br><\/h2>\t\t\t\t<\/div>\n\t\t\t\t<\/div>\n\t\t\t\t\t<\/div>\n\t\t<\/div>\n\t\t\t\t\t<\/div>\n\t\t<\/section>\n\t\t\t\t<section class=\"elementor-section elementor-top-section elementor-element elementor-element-371d966f elementor-section-content-middle elementor-section-stretched elementor-section-boxed elementor-section-height-default elementor-section-height-default\" data-id=\"371d966f\" data-element_type=\"section\" data-settings=\"{&quot;background_background&quot;:&quot;classic&quot;,&quot;stretch_section&quot;:&quot;section-stretched&quot;}\">\n\t\t\t\t\t\t<div class=\"elementor-container elementor-column-gap-default\">\n\t\t\t\t\t<div class=\"elementor-column elementor-col-100 elementor-top-column elementor-element elementor-element-15a19b98\" data-id=\"15a19b98\" data-element_type=\"column\">\n\t\t\t<div class=\"elementor-widget-wrap elementor-element-populated\">\n\t\t\t\t\t\t<div class=\"elementor-element elementor-element-76d518f8 elementor-widget elementor-widget-heading\" data-id=\"76d518f8\" data-element_type=\"widget\" data-widget_type=\"heading.default\">\n\t\t\t\t<div class=\"elementor-widget-container\">\n\t\t\t\t\t<h2 class=\"elementor-heading-title elementor-size-default\">30 lat Do\u015bwiadcze\u0144<\/h2>\t\t\t\t<\/div>\n\t\t\t\t<\/div>\n\t\t\t\t\t<\/div>\n\t\t<\/div>\n\t\t\t\t\t<\/div>\n\t\t<\/section>\n\t\t\t\t<section class=\"elementor-section elementor-top-section elementor-element elementor-element-687d712a elementor-section-content-top elementor-section-boxed elementor-section-height-default elementor-section-height-default\" data-id=\"687d712a\" data-element_type=\"section\">\n\t\t\t\t\t\t<div class=\"elementor-container elementor-column-gap-no\">\n\t\t\t\t\t<div class=\"elementor-column elementor-col-33 elementor-top-column elementor-element elementor-element-476f29fc\" data-id=\"476f29fc\" data-element_type=\"column\">\n\t\t\t<div class=\"elementor-widget-wrap elementor-element-populated\">\n\t\t\t\t\t\t<div class=\"elementor-element elementor-element-7495e9a6 elementor-widget__width-inherit elementor-widget elementor-widget-text-editor\" data-id=\"7495e9a6\" data-element_type=\"widget\" data-widget_type=\"text-editor.default\">\n\t\t\t\t<div class=\"elementor-widget-container\">\n\t\t\t\t\t\t\t\t\t<p><font size=\"2\">Mamy przyjemno\u015b\u0107 przedstawi\u0107 Pa\u0144stwu nasz\u0105 ofert\u0119 zawieraj\u0105c\u0105 szczeg\u00f3\u0142owy opis dzia\u0142alno\u015bci naszej firmy.&nbsp;<\/font><\/p><p><font size=\"2\">P.H.U. SEBALX&nbsp; dzia\u0142a na rynku budowlanym od 1998 roku realizuj\u0105c wszelkie zadania w spos\u00f3b kompleksowy.<\/font><br><\/p>\t\t\t\t\t\t\t\t<\/div>\n\t\t\t\t<\/div>\n\t\t\t\t<div class=\"elementor-element elementor-element-71b13d21 elementor-widget elementor-widget-heading\" data-id=\"71b13d21\" data-element_type=\"widget\" data-widget_type=\"heading.default\">\n\t\t\t\t<div class=\"elementor-widget-container\">\n\t\t\t\t\t<h3 class=\"elementor-heading-title elementor-size-default\">SebaLX<\/h3>\t\t\t\t<\/div>\n\t\t\t\t<\/div>\n\t\t\t\t<div class=\"elementor-element elementor-element-d1bb91a elementor-widget elementor-widget-image\" data-id=\"d1bb91a\" data-element_type=\"widget\" data-widget_type=\"image.default\">\n\t\t\t\t<div class=\"elementor-widget-container\">\n\t\t\t\t\t\t\t\t\t\t\t\t\t\t\t<img decoding=\"async\" width=\"600\" height=\"450\" src=\"http:\/\/sebalx.pl\/wp-content\/uploads\/2019\/04\/6.jpg\" class=\"elementor-animation-grow attachment-large size-large wp-image-47\" alt=\"\" srcset=\"http:\/\/sebalx.pl\/wp-content\/uploads\/2019\/04\/6.jpg 600w, http:\/\/sebalx.pl\/wp-content\/uploads\/2019\/04\/6-300x225.jpg 300w, http:\/\/sebalx.pl\/wp-content\/uploads\/2019\/04\/6-230x173.jpg 230w, http:\/\/sebalx.pl\/wp-content\/uploads\/2019\/04\/6-350x263.jpg 350w, http:\/\/sebalx.pl\/wp-content\/uploads\/2019\/04\/6-480x360.jpg 480w\" sizes=\"(max-width: 600px) 100vw, 600px\" \/>\t\t\t\t\t\t\t\t\t\t\t\t\t\t\t<\/div>\n\t\t\t\t<\/div>\n\t\t\t\t\t<\/div>\n\t\t<\/div>\n\t\t\t\t<div class=\"elementor-column elementor-col-33 elementor-top-column elementor-element elementor-element-799cb28d\" data-id=\"799cb28d\" data-element_type=\"column\">\n\t\t\t<div class=\"elementor-widget-wrap elementor-element-populated\">\n\t\t\t\t\t\t<div class=\"elementor-element elementor-element-6449399 elementor-widget__width-inherit elementor-widget elementor-widget-image\" data-id=\"6449399\" data-element_type=\"widget\" data-widget_type=\"image.default\">\n\t\t\t\t<div class=\"elementor-widget-container\">\n\t\t\t\t\t\t\t\t\t\t\t\t\t\t\t<img decoding=\"async\" width=\"600\" height=\"450\" src=\"http:\/\/sebalx.pl\/wp-content\/uploads\/2019\/04\/13.jpg\" class=\"elementor-animation-grow attachment-large size-large wp-image-45\" alt=\"firma budowlana\" srcset=\"http:\/\/sebalx.pl\/wp-content\/uploads\/2019\/04\/13.jpg 600w, http:\/\/sebalx.pl\/wp-content\/uploads\/2019\/04\/13-300x225.jpg 300w, http:\/\/sebalx.pl\/wp-content\/uploads\/2019\/04\/13-230x173.jpg 230w, http:\/\/sebalx.pl\/wp-content\/uploads\/2019\/04\/13-350x263.jpg 350w, http:\/\/sebalx.pl\/wp-content\/uploads\/2019\/04\/13-480x360.jpg 480w\" sizes=\"(max-width: 600px) 100vw, 600px\" \/>\t\t\t\t\t\t\t\t\t\t\t\t\t\t\t<\/div>\n\t\t\t\t<\/div>\n\t\t\t\t<div class=\"elementor-element elementor-element-49ca666 elementor-widget elementor-widget-text-editor\" data-id=\"49ca666\" data-element_type=\"widget\" data-widget_type=\"text-editor.default\">\n\t\t\t\t<div class=\"elementor-widget-container\">\n\t\t\t\t\t\t\t\t\t<p style=\"font-weight: 400;\">W swoim dorobku posiadamy wiele wykonanych zlece\u0144 zar\u00f3wno dla klient\u00f3w prywatnych jak\u00a0 \u00a0 \u00a0 \u00a0 \u00a0 i instytucjonalnych, a d\u0142ugoletnia dzia\u0142alno\u015b\u0107 sprawi\u0142a, i\u017c wyrobili\u015bmy sobie zaufanie i uznanie naszych Klient\u00f3w. Bogate do\u015bwiadczenie daje naszym zleceniodawcom pewno\u015b\u0107 profesjonalnego wykonania us\u0142ug. Zdajemy sobie spraw\u0119 z tego, i\u017c chc\u0105c utrzyma\u0107 nasz\u0105 pozycj\u0119 na rynku, konieczna jest solidno\u015b\u0107 i dba\u0142o\u015b\u0107 o wysok\u0105 jako\u015b\u0107 naszych us\u0142ug. \u015awiadczymy us\u0142ugi zar\u00f3wno dla firm i os\u00f3b prywatnych.<\/p><p style=\"font-weight: 400;\">\u00a0<\/p>\t\t\t\t\t\t\t\t<\/div>\n\t\t\t\t<\/div>\n\t\t\t\t\t<\/div>\n\t\t<\/div>\n\t\t\t\t<div class=\"elementor-column elementor-col-33 elementor-top-column elementor-element elementor-element-8668dea\" data-id=\"8668dea\" data-element_type=\"column\">\n\t\t\t<div class=\"elementor-widget-wrap elementor-element-populated\">\n\t\t\t\t\t\t<div class=\"elementor-element elementor-element-75f4a48c elementor-widget elementor-widget-text-editor\" data-id=\"75f4a48c\" data-element_type=\"widget\" data-widget_type=\"text-editor.default\">\n\t\t\t\t<div class=\"elementor-widget-container\">\n\t\t\t\t\t\t\t\t\t<p style=\"font-weight: 400;\">Profesjonalnie wykonujemy wszelkie prace remontowo-budowlane &#8211;\u00a0<strong>mieszkania, domy, biura<\/strong>. Mamy kilkunastoletnie do\u015bwiadczenie w aran\u017cacjach, adaptacjach, wyka\u0144czaniu. wn\u0119trz ,\u00a0<br \/>U\u017cywamy materia\u0142\u00f3w tylko renomowanych firm, kt\u00f3re dostarczaj\u0105 nam materia\u0142y najwy\u017cszej KLASY gwarantujemy wysok\u0105 jako\u015b\u0107 i trwa\u0142o\u015b\u0107 wykonywanych przez nas us\u0142ug. UDZIELAMY GWARANCJI<\/p>\t\t\t\t\t\t\t\t<\/div>\n\t\t\t\t<\/div>\n\t\t\t\t<div class=\"elementor-element elementor-element-608936fa elementor-widget elementor-widget-image\" data-id=\"608936fa\" data-element_type=\"widget\" data-widget_type=\"image.default\">\n\t\t\t\t<div class=\"elementor-widget-container\">\n\t\t\t\t\t\t\t\t\t\t\t\t\t\t\t<img loading=\"lazy\" decoding=\"async\" width=\"600\" height=\"450\" src=\"http:\/\/sebalx.pl\/wp-content\/uploads\/2019\/04\/1.jpg\" class=\"elementor-animation-grow attachment-full size-full wp-image-46\" alt=\"sebalx\" srcset=\"http:\/\/sebalx.pl\/wp-content\/uploads\/2019\/04\/1.jpg 600w, http:\/\/sebalx.pl\/wp-content\/uploads\/2019\/04\/1-300x225.jpg 300w, http:\/\/sebalx.pl\/wp-content\/uploads\/2019\/04\/1-230x173.jpg 230w, http:\/\/sebalx.pl\/wp-content\/uploads\/2019\/04\/1-350x263.jpg 350w, http:\/\/sebalx.pl\/wp-content\/uploads\/2019\/04\/1-480x360.jpg 480w\" sizes=\"(max-width: 600px) 100vw, 600px\" \/>\t\t\t\t\t\t\t\t\t\t\t\t\t\t\t<\/div>\n\t\t\t\t<\/div>\n\t\t\t\t\t<\/div>\n\t\t<\/div>\n\t\t\t\t\t<\/div>\n\t\t<\/section>\n\t\t\t\t<section class=\"elementor-section elementor-top-section elementor-element elementor-element-8942d8a elementor-section-stretched elementor-section-full_width elementor-section-height-default elementor-section-height-default\" data-id=\"8942d8a\" data-element_type=\"section\" data-settings=\"{&quot;stretch_section&quot;:&quot;section-stretched&quot;,&quot;background_background&quot;:&quot;classic&quot;,&quot;shape_divider_top&quot;:&quot;arrow&quot;}\">\n\t\t\t\t\t\t\t<div class=\"elementor-background-overlay\"><\/div>\n\t\t\t\t\t\t<div class=\"elementor-shape elementor-shape-top\" data-negative=\"false\">\n\t\t\t<svg xmlns=\"http:\/\/www.w3.org\/2000\/svg\" viewBox=\"0 0 700 10\" preserveAspectRatio=\"none\">\n\t<path class=\"elementor-shape-fill\" d=\"M350,10L340,0h20L350,10z\"\/>\n<\/svg>\t\t<\/div>\n\t\t\t\t\t<div class=\"elementor-container elementor-column-gap-default\">\n\t\t\t\t\t<div class=\"elementor-column elementor-col-100 elementor-top-column elementor-element elementor-element-e70028f\" data-id=\"e70028f\" data-element_type=\"column\">\n\t\t\t<div class=\"elementor-widget-wrap elementor-element-populated\">\n\t\t\t\t\t\t<div class=\"elementor-element elementor-element-d842b76 elementor-widget elementor-widget-text-editor\" data-id=\"d842b76\" data-element_type=\"widget\" data-widget_type=\"text-editor.default\">\n\t\t\t\t<div class=\"elementor-widget-container\">\n\t\t\t\t\t\t\t\t\t<p style=\"font-weight: 400;\">Wiedza i do\u015bwiadczenie naszych pracownik\u00f3w pozwalaj\u0105 na realizowanie przez nasze przedsi\u0119biorstwo r\u00f3\u017cnych\u00a0projekt\u00f3w.\u00a0Cieszymy si\u0119 du\u017cym zaufaniem i dobr\u0105 opini\u0105 w\u015br\u00f3d naszych klient\u00f3w, kt\u00f3rzy cz\u0119sto do nas powracaj\u0105. G\u0142\u00f3wnym naszym priorytetem jest zadowolenie inwestora i jego satysfakcja. Dok\u0142adamy wszelkich stara\u0144, aby projekty przez nas realizowane by\u0142y dok\u0142adnie tym, czego si\u0119 od nas oczekuje.<\/p><p style=\"font-weight: 400;\">\u00a0<\/p><p style=\"font-weight: 400;\"><strong>Przedstawiamy nasz\u0105 szerok\u0105 ofert\u0119 us\u0142ug budowlanych:<\/strong><\/p><ul style=\"font-weight: 400;\"><li>\u00a0\u00a0\u00a0\u00a0\u00a0\u00a0\u00a0\u00a0\u00a0budowa obiekt\u00f3w biurowych, us\u0142ugowych i u\u017cyteczno\u015bci publicznej<\/li><li>\u00a0\u00a0\u00a0\u00a0\u00a0\u00a0\u00a0\u00a0 kompleksowa budowa budynk\u00f3w mieszkalnych, tzn. budowa domu<\/li><li>\u00a0\u00a0\u00a0\u00a0\u00a0\u00a0\u00a0\u00a0\u00a0budowa stan\u00f3w surowych<\/li><li>\u00a0\u00a0\u00a0\u00a0\u00a0\u00a0\u00a0\u00a0\u00a0remonty obiekt\u00f3w mieszkaniowych<\/li><li>\u00a0\u00a0\u00a0\u00a0\u00a0\u00a0\u00a0\u00a0\u00a0remonty obiekt\u00f3w przemys\u0142owych, us\u0142ugowych<\/li><li>\u00a0\u00a0\u00a0\u00a0\u00a0\u00a0\u00a0\u00a0\u00a0zabudowy z p\u0142yt kartonowo -gipsowych\u00a0&#8211; \u015bciany, sufity, itp.<\/li><li>\u00a0\u00a0\u00a0\u00a0\u00a0\u00a0\u00a0\u00a0\u00a0wykonywanie konstrukcji i pokry\u0107 dachowych<\/li><li>\u00a0\u00a0\u00a0\u00a0\u00a0\u00a0\u00a0\u00a0\u00a0ocieplanie poddaszy<\/li><li>\u00a0\u00a0\u00a0\u00a0\u00a0\u00a0\u00a0\u00a0\u00a0prace posadzkarskie<\/li><li>\u00a0\u00a0\u00a0\u00a0\u00a0\u00a0\u00a0\u00a0\u00a0roboty tynkarskie<\/li><li>\u00a0\u00a0\u00a0\u00a0\u00a0\u00a0\u00a0\u00a0\u00a0roboty malarskie<\/li><li>\u00a0\u00a0\u00a0\u00a0\u00a0\u00a0\u00a0\u00a0\u00a0docieplenia izolacji zewn\u0119trznych<\/li><li>\u00a0\u00a0\u00a0\u00a0\u00a0\u00a0\u00a0\u00a0\u00a0rozbi\u00f3rka obiekt\u00f3w budowlanych<\/li><li>\u00a0\u00a0\u00a0\u00a0\u00a0\u00a0\u00a0\u00a0\u00a0roboty izolacyjne<\/li><li>\u00a0\u00a0\u00a0\u00a0\u00a0\u00a0\u00a0\u00a0\u00a0ogrodzenia<\/li><li>\u00a0\u00a0\u00a0\u00a0\u00a0\u00a0\u00a0\u00a0\u00a0urz\u0105dzanie teren\u00f3w zielonych<\/li><li>\u00a0 \u00a0 \u00a0 \u00a0 \u00a0wynajem i sprzeda\u017c rusztowa\u0144<\/li><li>\u00a0 \u00a0 \u00a0 \u00a0 \u00a0us\u0142ugi niwelacji terenu\u00a0<\/li><\/ul><p style=\"font-weight: 400;\">\u00a0<\/p><p style=\"font-weight: 400;\">\u00a0<\/p>\t\t\t\t\t\t\t\t<\/div>\n\t\t\t\t<\/div>\n\t\t\t\t\t<\/div>\n\t\t<\/div>\n\t\t\t\t\t<\/div>\n\t\t<\/section>\n\t\t\t\t<section class=\"elementor-section elementor-top-section elementor-element elementor-element-046aa62 elementor-section-stretched elementor-section-full_width elementor-section-height-default elementor-section-height-default\" data-id=\"046aa62\" data-element_type=\"section\" data-settings=\"{&quot;stretch_section&quot;:&quot;section-stretched&quot;,&quot;background_background&quot;:&quot;classic&quot;}\">\n\t\t\t\t\t\t<div class=\"elementor-container elementor-column-gap-default\">\n\t\t\t\t\t<div class=\"elementor-column elementor-col-50 elementor-top-column elementor-element elementor-element-06cb053\" data-id=\"06cb053\" data-element_type=\"column\">\n\t\t\t<div class=\"elementor-widget-wrap elementor-element-populated\">\n\t\t\t\t\t\t<div class=\"elementor-element elementor-element-6ccb387 elementor-widget elementor-widget-google_maps\" data-id=\"6ccb387\" data-element_type=\"widget\" data-widget_type=\"google_maps.default\">\n\t\t\t\t<div class=\"elementor-widget-container\">\n\t\t\t\t\t\t\t<div class=\"elementor-custom-embed\">\n\t\t\t<iframe loading=\"lazy\"\n\t\t\t\t\tsrc=\"https:\/\/maps.google.com\/maps?q=84-242%20Luzino%20ul%20.%20Ofiar%20Stutthofu%2043%2F4.&#038;t=m&#038;z=10&#038;output=embed&#038;iwloc=near\"\n\t\t\t\t\ttitle=\"84-242 Luzino ul . Ofiar Stutthofu 43\/4.\"\n\t\t\t\t\taria-label=\"84-242 Luzino ul . Ofiar Stutthofu 43\/4.\"\n\t\t\t><\/iframe>\n\t\t<\/div>\n\t\t\t\t\t\t<\/div>\n\t\t\t\t<\/div>\n\t\t\t\t\t<\/div>\n\t\t<\/div>\n\t\t\t\t<div class=\"elementor-column elementor-col-50 elementor-top-column elementor-element elementor-element-12f7aa1\" data-id=\"12f7aa1\" data-element_type=\"column\" data-settings=\"{&quot;background_background&quot;:&quot;classic&quot;}\">\n\t\t\t<div class=\"elementor-widget-wrap elementor-element-populated\">\n\t\t\t\t\t\t<div class=\"elementor-element elementor-element-dac14dc elementor-widget elementor-widget-text-editor\" data-id=\"dac14dc\" data-element_type=\"widget\" data-widget_type=\"text-editor.default\">\n\t\t\t\t<div class=\"elementor-widget-container\">\n\t\t\t\t\t\t\t\t\t<p>KONTAKT Z NAMI&nbsp;<\/p>\t\t\t\t\t\t\t\t<\/div>\n\t\t\t\t<\/div>\n\t\t\t\t<div class=\"elementor-element elementor-element-155530a elementor-icon-list--layout-traditional elementor-list-item-link-full_width elementor-widget elementor-widget-icon-list\" data-id=\"155530a\" data-element_type=\"widget\" data-widget_type=\"icon-list.default\">\n\t\t\t\t<div class=\"elementor-widget-container\">\n\t\t\t\t\t\t\t<ul class=\"elementor-icon-list-items\">\n\t\t\t\t\t\t\t<li class=\"elementor-icon-list-item\">\n\t\t\t\t\t\t\t\t\t\t\t<span class=\"elementor-icon-list-icon\">\n\t\t\t\t\t\t\t\t\t\t\t\t\t\t\t\t<i class=\"fa fa-phone-square\" aria-hidden=\"true\"><\/i>\n\t\t\t\t\t\t\t\t\t\t\t\t\t<\/span>\n\t\t\t\t\t\t\t\t\t\t<span class=\"elementor-icon-list-text\">694754050      |       793 387 381<\/span>\n\t\t\t\t\t\t\t\t\t<\/li>\n\t\t\t\t\t\t\t\t<li class=\"elementor-icon-list-item\">\n\t\t\t\t\t\t\t\t\t\t\t<span class=\"elementor-icon-list-icon\">\n\t\t\t\t\t\t\t\t\t\t\t\t\t\t\t\t<i class=\"fa fa-envelope-square\" aria-hidden=\"true\"><\/i>\n\t\t\t\t\t\t\t\t\t\t\t\t\t<\/span>\n\t\t\t\t\t\t\t\t\t\t<span class=\"elementor-icon-list-text\">biuro@sebalx.pl<\/span>\n\t\t\t\t\t\t\t\t\t<\/li>\n\t\t\t\t\t\t\t\t<li class=\"elementor-icon-list-item\">\n\t\t\t\t\t\t\t\t\t\t\t<span class=\"elementor-icon-list-icon\">\n\t\t\t\t\t\t\t\t\t\t\t\t\t\t\t\t<i class=\"fa fa-home\" aria-hidden=\"true\"><\/i>\n\t\t\t\t\t\t\t\t\t\t\t\t\t<\/span>\n\t\t\t\t\t\t\t\t\t\t<span class=\"elementor-icon-list-text\">84-242 Luzino ul . Ofiar Stutthofu 43\/4.<\/span>\n\t\t\t\t\t\t\t\t\t<\/li>\n\t\t\t\t\t\t<\/ul>\n\t\t\t\t\t\t<\/div>\n\t\t\t\t<\/div>\n\t\t\t\t\t<\/div>\n\t\t<\/div>\n\t\t\t\t\t<\/div>\n\t\t<\/section>\n\t\t\t\t<\/div>\n\t\t","protected":false},"excerpt":{"rendered":"<p>EUROPEJSKI FUNDUSZ ROLNY NA RZECZ ROZWOJU OBSZAR\u00d3W WIEJSKICH:EUROPA INWESTUJ\u0104CA W OBSZARY WIEJSKIE Operacja pn. \u201eRozw\u00f3j dzia\u0142alno\u015bci gospodarczej firmy SEBALX poprzez zakup specjalistycznego [&hellip;]<\/p>\n","protected":false},"author":1,"featured_media":0,"parent":0,"menu_order":0,"comment_status":"closed","ping_status":"open","template":"elementor_header_footer","meta":{"footnotes":""},"class_list":["post-2","page","type-page","status-publish","hentry"],"_links":{"self":[{"href":"http:\/\/sebalx.pl\/index.php?rest_route=\/wp\/v2\/pages\/2","targetHints":{"allow":["GET"]}}],"collection":[{"href":"http:\/\/sebalx.pl\/index.php?rest_route=\/wp\/v2\/pages"}],"about":[{"href":"http:\/\/sebalx.pl\/index.php?rest_route=\/wp\/v2\/types\/page"}],"author":[{"embeddable":true,"href":"http:\/\/sebalx.pl\/index.php?rest_route=\/wp\/v2\/users\/1"}],"replies":[{"embeddable":true,"href":"http:\/\/sebalx.pl\/index.php?rest_route=%2Fwp%2Fv2%2Fcomments&post=2"}],"version-history":[{"count":43,"href":"http:\/\/sebalx.pl\/index.php?rest_route=\/wp\/v2\/pages\/2\/revisions"}],"predecessor-version":[{"id":103,"href":"http:\/\/sebalx.pl\/index.php?rest_route=\/wp\/v2\/pages\/2\/revisions\/103"}],"wp:attachment":[{"href":"http:\/\/sebalx.pl\/index.php?rest_route=%2Fwp%2Fv2%2Fmedia&parent=2"}],"curies":[{"name":"wp","href":"https:\/\/api.w.org\/{rel}","templated":true}]}}